{"id":15193,"date":"2018-12-02T12:20:56","date_gmt":"2018-12-02T11:20:56","guid":{"rendered":"https:\/\/selvsjekk.com\/produkt\/tidig-graviditetstest"},"modified":"2025-07-08T21:38:23","modified_gmt":"2025-07-08T19:38:23","slug":"tidigt-graviditetstest","status":"publish","type":"product","link":"https:\/\/selvsjekk.com\/sv\/produkt\/tidigt-graviditetstest","title":{"rendered":"Tidig graviditetstest"},"content":{"rendered":"<h2>Tidig graviditetstest<\/h2>\n<p>\u00c4r du tr\u00f6tt p\u00e5 den frustrerande och nervkittlande v\u00e4ntan p\u00e5 svaret om du har blivit gravid? D\u00e5 \u00e4r ett <a href=\"https:\/\/selvsjekk.com\/sv\/produktkategori\/graviditetstest-sv\">tidigt graviditetstest fr\u00e5n Certain\u00ae<\/a> den perfekta produkten f\u00f6r dig! Detta test \u00e4r den mest k\u00e4nsliga typen av graviditetstest p\u00e5 marknaden idag och m\u00e4ter hormonkoncentrationer ner till 10 mIU\/ml. Det inneb\u00e4r att du kan f\u00e5 svar p\u00e5 om du blivit gravid inom 7 dagar efter befruktningen, vilket \u00e4r en vecka tidigare \u00e4n de konventionella graviditetstesten som m\u00e4ter ner till 25 mIU\/ml.<\/p>\n<h2>S\u00e5 fungerar ett tidigt graviditetstest<\/h2>\n<p>Alla graviditetstester baseras p\u00e5 hormoner i urinen som frig\u00f6rs i stora m\u00e4ngder fr\u00e5n moderkakan kort efter befruktningen. I b\u00f6rjan av graviditeten \u00e4r niv\u00e5n av detta hormon i blodet cirka 100 mlU\/ml, och efter f\u00f6rsta trimestern kan niv\u00e5n stiga till mellan 100 000 &#8211; 200 000 mlU\/ml. Hormoner i urinen kan uppt\u00e4ckas n\u00e4r koncentrationen i blodet \u00f6verstiger en viss niv\u00e5, vilket vanligtvis sker 5 &#8211; 15 dagar efter befruktning. Traditionella graviditetstester m\u00e4ter hormonkoncentrationer ner till 25 mlU\/ml, men dessa niv\u00e5er uppn\u00e5s inte f\u00f6rr\u00e4n tv\u00e5 veckor efter befruktningen. Med ett tidigt graviditetstest kan du uppt\u00e4cka koncentrationer s\u00e5 l\u00e5ga som 10 mlU\/ml, vilket g\u00f6r att du med stor s\u00e4kerhet kan uppt\u00e4cka graviditet inom <strong>5-7 dagar efter befruktning<\/strong>.<\/p>\n<h2>Vem b\u00f6r anv\u00e4nda ett tidigt graviditetstest?<\/h2>\n<p>Vi rekommenderar ett tidigt graviditetstest till alla som planerar att bli gravida eller av andra sk\u00e4l beh\u00f6ver veta. Detta g\u00e4ller s\u00e4rskilt f\u00f6r de som har m\u00e5nga f\u00f6rs\u00f6k bakom sig och beh\u00f6ver snabba resultat f\u00f6r att minska nervositeten. Det \u00e4r ocks\u00e5 ett bra val f\u00f6r dem som har d\u00e5ligt t\u00e5lamod.<\/p>\n<h2>S\u00e5 tolkar du resultatet fr\u00e5n ett tidigt graviditetstest<\/h2>\n<p>Ett graviditetstest ger endast ett korrekt resultat om hormonkoncentrationen i urinen \u00e4r tillr\u00e4ckligt h\u00f6g. K\u00e4nsligheten hos testet spelar en stor roll, liksom tidpunkten f\u00f6r n\u00e4r du testar dig. Det finns en risk f\u00f6r falskt negativa resultat om du testar f\u00f6r tidigt. Ett tidigt graviditetstest fr\u00e5n Certain\u00ae kan ge ett mer tillf\u00f6rlitligt resultat inom <strong>5 &#8211; 7 dagar<\/strong>, j\u00e4mf\u00f6rt med vanliga graviditetstest som vanligtvis ger resultat f\u00f6rst efter 14 dagar. Det \u00e4r dock viktigt att alltid bekr\u00e4fta resultatet med auktoriserad h\u00e4lsopersonal f\u00f6r att s\u00e4kerst\u00e4lla graviditeten och f\u00e5 n\u00f6dv\u00e4ndig uppf\u00f6ljning.<\/p>\n<h2>Vad ing\u00e5r i ett tidigt graviditetstest fr\u00e5n Certain\u00ae?<\/h2>\n<ul class=\"listeo\">\n<li>1 h\u00f6gk\u00e4nsligt hormontest (kassett)<\/li>\n<li>1 plastpipett<\/li>\n<\/ul>\n<h2>Specifikationer f\u00f6r tidiga graviditetstest<\/h2>\n<p><em>Certain\u00ae Early Pregnancy Test har en k\u00e4nslighet p\u00e5 10 mlU\/ml f\u00f6r hormonkoncentration i urin.<\/em><\/p>\n<p>F\u00f6r ytterligare information och produkter kan du \u00e4ven kolla in <a href=\"https:\/\/www.apotea.se\/rfsu-graviditetstest-testa-tidigt-1-st\">RFSU:s graviditetstest<\/a> eller l\u00e4sa om <a href=\"https:\/\/www.apollohospitals.com\/sv\/diagnostics-investigations\/how-accurate-are-pregnancy-tests\">noggrannheten hos graviditetstester<\/a>.<\/p>\n","protected":false},"excerpt":{"rendered":"<p>Detta \u00e4r det k\u00e4nsligaste och k\u00e4nsligaste graviditetstestet p\u00e5 marknaden, och det kan uppt\u00e4cka graviditet inom 7 dagar efter att befruktningen har intr\u00e4ffat. Det \u00e4r ca. en vecka tidigare \u00e4n de konventionella proverna du f\u00e5r i handk\u00f6p, vilket g\u00f6r att du med denna produkt slipper frustrerande och nervkittlande v\u00e4ntetider!<\/p>\n<ul>\n<li>Extremt k\u00e4nslig.<\/li>\n<li>Tidiga och p\u00e5litliga resultat.<\/li>\n<li>99% noggrannhet.<\/li>\n<\/ul>\n","protected":false},"featured_media":14631,"template":"","meta":[],"product_brand":[],"product_cat":[404],"product_tag":[392,122,121,119,120,900,902,441,901],"class_list":{"0":"post-15193","1":"product","2":"type-product","3":"status-publish","4":"has-post-thumbnail","6":"product_cat-graviditetstest-sv","7":"product_tag-andra-tester","8":"product_tag-fertilitet","9":"product_tag-fertilitetstest","10":"product_tag-gravid","11":"product_tag-graviditetstest","12":"product_tag-halsa","13":"product_tag-moderskap","14":"product_tag-tidig-graviditetstest","15":"product_tag-tidiga-graviditetstest","17":"first","18":"outofstock","19":"taxable","20":"shipping-taxable","21":"purchasable","22":"product-type-simple"},"_links":{"self":[{"href":"https:\/\/selvsjekk.com\/sv\/wp-json\/wp\/v2\/product\/15193","targetHints":{"allow":["GET"]}}],"collection":[{"href":"https:\/\/selvsjekk.com\/sv\/wp-json\/wp\/v2\/product"}],"about":[{"href":"https:\/\/selvsjekk.com\/sv\/wp-json\/wp\/v2\/types\/product"}],"wp:featuredmedia":[{"embeddable":true,"href":"https:\/\/selvsjekk.com\/sv\/wp-json\/wp\/v2\/media\/14631"}],"wp:attachment":[{"href":"https:\/\/selvsjekk.com\/sv\/wp-json\/wp\/v2\/media?parent=15193"}],"wp:term":[{"taxonomy":"product_brand","embeddable":true,"href":"https:\/\/selvsjekk.com\/sv\/wp-json\/wp\/v2\/product_brand?post=15193"},{"taxonomy":"product_cat","embeddable":true,"href":"https:\/\/selvsjekk.com\/sv\/wp-json\/wp\/v2\/product_cat?post=15193"},{"taxonomy":"product_tag","embeddable":true,"href":"https:\/\/selvsjekk.com\/sv\/wp-json\/wp\/v2\/product_tag?post=15193"}],"curies":[{"name":"wp","href":"https:\/\/api.w.org\/{rel}","templated":true}]}}