{"id":15636,"date":"2025-07-08T18:06:38","date_gmt":"2025-07-08T16:06:38","guid":{"rendered":"https:\/\/selvsjekk.com\/tack-for-din-bestallning"},"modified":"2025-07-09T23:38:28","modified_gmt":"2025-07-09T21:38:28","slug":"tack-for-din-bestallning","status":"publish","type":"page","link":"https:\/\/selvsjekk.com\/sv\/tack-for-din-bestallning","title":{"rendered":"Tack f\u00f6r din best\u00e4llning"},"content":{"rendered":"<h2>Bekr\u00e4ftelse av din transaktion<\/h2>\n<p>Din transaktion har slutf\u00f6rts framg\u00e5ngsrikt! Ett kvitto p\u00e5 ditt k\u00f6p har skickats till dig via e-post. F\u00f6r att f\u00e5 en detaljerad \u00f6versikt av dina transaktionsuppgifter rekommenderar vi att du loggar in p\u00e5 ditt <a href=\"https:\/\/www.paypal.com\/se\/cshelp\/article\/vilka-betalningsmetoder-kan-jag-anv%C3%A4nda-med-paypal-help468\">PayPal-konto<\/a>.<\/p>\n<h3>Vad du kan g\u00f6ra h\u00e4rn\u00e4st<\/h3>\n<ul>\n<li>Kontrollera dina transaktionshistorik.<\/li>\n<li>G\u00e5 till din <a href=\"https:\/\/selvsjekk.com\/min-konto\">Min Konto<\/a> f\u00f6r att hantera dina inst\u00e4llningar.<\/li>\n<li>Bes\u00f6k v\u00e5r <a href=\"https:\/\/selvsjekk.com\/sv\">Homepage &#8211; Selvsjekk<\/a> f\u00f6r mer information.<\/li>\n<\/ul>\n<h3>S\u00e4kerhet vid onlinek\u00f6p<\/h3>\n<p>F\u00f6r att s\u00e4kerst\u00e4lla att dina onlinek\u00f6p \u00e4r trygga, rekommenderar vi att du l\u00e4ser mer om <a href=\"https:\/\/www.svenskhandel.se\/tryggehandel\">trygga handel<\/a> och de olika betalningsmetoder som finns tillg\u00e4ngliga.<\/p>\n","protected":false},"excerpt":{"rendered":"<p>Bekr\u00e4ftelse av din transaktion Din transaktion har slutf\u00f6rts framg\u00e5ngsrikt! Ett kvitto p\u00e5 ditt k\u00f6p har skickats till dig via e-post. F\u00f6r att f\u00e5 en detaljerad \u00f6versikt av dina transaktionsuppgifter rekommenderar vi att du loggar in p\u00e5 ditt PayPal-konto. Vad du kan g\u00f6ra h\u00e4rn\u00e4st Kontrollera dina transaktionshistorik. G\u00e5 till din Min Konto f\u00f6r att hantera dina &#8230; <a title=\"Tack f\u00f6r din best\u00e4llning\" class=\"read-more\" href=\"https:\/\/selvsjekk.com\/sv\/tack-for-din-bestallning\" aria-label=\"L\u00e4s mer om Tack f\u00f6r din best\u00e4llning\">L\u00e4s mer<\/a><\/p>\n","protected":false},"author":1,"featured_media":0,"parent":0,"menu_order":0,"comment_status":"closed","ping_status":"closed","template":"","meta":{"footnotes":""},"class_list":["post-15636","page","type-page","status-publish"],"_links":{"self":[{"href":"https:\/\/selvsjekk.com\/sv\/wp-json\/wp\/v2\/pages\/15636","targetHints":{"allow":["GET"]}}],"collection":[{"href":"https:\/\/selvsjekk.com\/sv\/wp-json\/wp\/v2\/pages"}],"about":[{"href":"https:\/\/selvsjekk.com\/sv\/wp-json\/wp\/v2\/types\/page"}],"author":[{"embeddable":true,"href":"https:\/\/selvsjekk.com\/sv\/wp-json\/wp\/v2\/users\/1"}],"replies":[{"embeddable":true,"href":"https:\/\/selvsjekk.com\/sv\/wp-json\/wp\/v2\/comments?post=15636"}],"version-history":[{"count":2,"href":"https:\/\/selvsjekk.com\/sv\/wp-json\/wp\/v2\/pages\/15636\/revisions"}],"predecessor-version":[{"id":17135,"href":"https:\/\/selvsjekk.com\/sv\/wp-json\/wp\/v2\/pages\/15636\/revisions\/17135"}],"wp:attachment":[{"href":"https:\/\/selvsjekk.com\/sv\/wp-json\/wp\/v2\/media?parent=15636"}],"curies":[{"name":"wp","href":"https:\/\/api.w.org\/{rel}","templated":true}]}}