{"id":15236,"date":"2025-07-09T00:07:31","date_gmt":"2025-07-08T22:07:31","guid":{"rendered":"https:\/\/selvsjekk.com\/integritet"},"modified":"2025-07-09T00:23:03","modified_gmt":"2025-07-08T22:23:03","slug":"integritet","status":"publish","type":"page","link":"https:\/\/selvsjekk.com\/sv\/integritet","title":{"rendered":"Integritet"},"content":{"rendered":"<p>.storefront-handheld-footer-bar ul li.my-account &gt; a::before,.storefront-handheld-footer-bar ul li.cart&gt;a::before, .storefront-handheld-footer-bar ul li&gt;a::before,.storefront-handheld-footer-bar{display:none !important;}<\/p>\n<h2>Integritet och Dataskydd<\/h2>\n<p><strong>Selvschek erk\u00e4nner och respekterar v\u00e5ra kunders \u00f6nskan om integritet. Vi s\u00e4kerst\u00e4ller att ingen av dina personliga anv\u00e4ndardata l\u00e4mnas vidare till tredje part.<\/strong><\/p>\n<p>Vi anv\u00e4nder dina personuppgifter f\u00f6r f\u00f6ljande syften:<\/p>\n<ul>\n<li>F\u00f6r att s\u00e4kerst\u00e4lla att webbplatsen uppfyller dina behov.<\/li>\n<li>F\u00f6r att leverera produkter och tj\u00e4nster, s\u00e5som nyhetsbrev, specialerbjudanden och annan information som du beg\u00e4r eller best\u00e4ller.<\/li>\n<li>F\u00f6r att hj\u00e4lpa oss att skapa och publicera relevant inneh\u00e5ll f\u00f6r dig.<\/li>\n<li>F\u00f6r att meddela dig om nya varor, specialerbjudanden, uppdaterad information och andra nya tj\u00e4nster fr\u00e5n oss, om du beg\u00e4r det.<\/li>\n<\/ul>\n<p>N\u00e4r du registrerar dig eller p\u00e5 annat s\u00e4tt f\u00f6rser oss med personlig information, kommer vi inte att dela denna information med tredje part utan ditt tillst\u00e5nd, utom i de fall som n\u00e4mns ovan. Du har ocks\u00e5 m\u00f6jlighet att v\u00e4lja hur och om du vill att vi ska kommunicera med dig.<\/p>\n<h3>Anv\u00e4ndarkonto och \u00d6versikt<\/h3>\n<p>Om du skapar ett anv\u00e4ndarkonto p\u00e5 v\u00e5r webbplats har du alltid full \u00f6verblick \u00f6ver dina best\u00e4llningar. Du kan ocks\u00e5 enkelt kontrollera att dina personuppgifter \u00e4r korrekta och uppdaterade.<\/p>\n<h2>Cookies och Liknande Teknik<\/h2>\n<p>N\u00e4r du bes\u00f6ker v\u00e5r webbplats m\u00e5ste du samtycka till cookies. Dessa anv\u00e4nds f\u00f6r att:<\/p>\n<ul>\n<li>Identifiera dig som en \u00e5terkommande bes\u00f6kare.<\/li>\n<li>Analysera din anv\u00e4ndning av v\u00e5r webbplats.<\/li>\n<li>F\u00f6rbereda en profil \u00f6ver dina intressen f\u00f6r att visa dig relevanta annonser p\u00e5 andra webbplatser.<\/li>\n<li>Ge dig \u00e5tkomst till tredjepartstj\u00e4nster.<\/li>\n<\/ul>\n<p>F\u00f6r mer information om hur vi hanterar personuppgifter, v\u00e4nligen bes\u00f6k <a href=\"https:\/\/www.imy.se\/privatperson\/dataskydd\/introduktion-till-gdpr\/vad-ar-personuppgifter\/\">denna sida om personuppgifter<\/a> och f\u00f6r en djupare f\u00f6rst\u00e5else av GDPR, se <a href=\"https:\/\/www.imy.se\/verksamhet\/dataskydd\/det-har-galler-enligt-gdpr\/grundlaggande-principer\/\">grundl\u00e4ggande principer f\u00f6r GDPR<\/a>.<\/p>\n<p>F\u00f6r att utforska v\u00e5ra produkter, inklusive <a href=\"https:\/\/selvsjekk.com\/sv\/produktkategori\/graviditetstest-sv\">graviditetstest<\/a>, och f\u00f6r mer allm\u00e4n information, bes\u00f6k v\u00e5r <a href=\"https:\/\/selvsjekk.com\/sv\/emne\/generellt\">blogg om generellt<\/a>.<\/p>\n","protected":false},"excerpt":{"rendered":"<p>.storefront-handheld-footer-bar ul li.my-account &gt; a::before,.storefront-handheld-footer-bar ul li.cart&gt;a::before, .storefront-handheld-footer-bar ul li&gt;a::before,.storefront-handheld-footer-bar{display:none !important;} Integritet och Dataskydd Selvschek erk\u00e4nner och respekterar v\u00e5ra kunders \u00f6nskan om integritet. Vi s\u00e4kerst\u00e4ller att ingen av dina personliga anv\u00e4ndardata l\u00e4mnas vidare till tredje part. Vi anv\u00e4nder dina personuppgifter f\u00f6r f\u00f6ljande syften: F\u00f6r att s\u00e4kerst\u00e4lla att webbplatsen uppfyller dina behov. F\u00f6r att leverera produkter &#8230; <a title=\"Integritet\" class=\"read-more\" href=\"https:\/\/selvsjekk.com\/sv\/integritet\" aria-label=\"L\u00e4s mer om Integritet\">L\u00e4s mer<\/a><\/p>\n","protected":false},"author":1,"featured_media":0,"parent":0,"menu_order":0,"comment_status":"closed","ping_status":"closed","template":"","meta":{"footnotes":""},"class_list":["post-15236","page","type-page","status-publish"],"_links":{"self":[{"href":"https:\/\/selvsjekk.com\/sv\/wp-json\/wp\/v2\/pages\/15236","targetHints":{"allow":["GET"]}}],"collection":[{"href":"https:\/\/selvsjekk.com\/sv\/wp-json\/wp\/v2\/pages"}],"about":[{"href":"https:\/\/selvsjekk.com\/sv\/wp-json\/wp\/v2\/types\/page"}],"author":[{"embeddable":true,"href":"https:\/\/selvsjekk.com\/sv\/wp-json\/wp\/v2\/users\/1"}],"replies":[{"embeddable":true,"href":"https:\/\/selvsjekk.com\/sv\/wp-json\/wp\/v2\/comments?post=15236"}],"version-history":[{"count":1,"href":"https:\/\/selvsjekk.com\/sv\/wp-json\/wp\/v2\/pages\/15236\/revisions"}],"predecessor-version":[{"id":17166,"href":"https:\/\/selvsjekk.com\/sv\/wp-json\/wp\/v2\/pages\/15236\/revisions\/17166"}],"wp:attachment":[{"href":"https:\/\/selvsjekk.com\/sv\/wp-json\/wp\/v2\/media?parent=15236"}],"curies":[{"name":"wp","href":"https:\/\/api.w.org\/{rel}","templated":true}]}}