{"id":15223,"date":"2025-07-08T23:32:06","date_gmt":"2025-07-08T21:32:06","guid":{"rendered":"https:\/\/selvsjekk.com\/om-oss"},"modified":"2025-07-08T23:28:00","modified_gmt":"2025-07-08T21:28:00","slug":"om-oss","status":"publish","type":"page","link":"https:\/\/selvsjekk.com\/sv\/om-oss","title":{"rendered":"Om oss"},"content":{"rendered":"<h2>V\u00e4lkommen till Selvsjek<\/h2>\n<p>Selvsjek \u00e4r en specialiserad webbutik som erbjuder ett noggrant utvalt sortiment av tester och diagnostisk utrustning. Vi samarbetar med flera v\u00e4lrenommerade leverant\u00f6rer och tillverkare, vars kvalitetss\u00e4krade och p\u00e5litliga produkter finns tillg\u00e4ngliga p\u00e5 apotek \u00f6ver hela Europa. P\u00e5 Selvsjek erbjuder vi inte bara produkter av h\u00f6g kvalitet, utan vi g\u00f6r dem ocks\u00e5 till marknadens absolut l\u00e4gsta priser.<\/p>\n<h3>Kostnadseffektivitet och Kvalitet<\/h3>\n<p>V\u00e5rt kontor \u00e4r bel\u00e4get i Litauen, vilket hj\u00e4lper oss att h\u00e5lla nere kostnaderna. Detta g\u00f6r att vi kan erbjuda v\u00e5ra kunder produkter till konkurrenskraftiga priser.<\/p>\n<h3>Utforska V\u00e5rt Utbud<\/h3>\n<ul>\n<li><a href=\"https:\/\/selvsjek.com\/hiv-test\">Informasjon om hurtigtest for HIV<\/a><\/li>\n<li><a href=\"https:\/\/selvsjek.com\/sv\/produktkategori\/fertilitetstest-sv\">Product Category: Fertilitetstest<\/a><\/li>\n<li>F\u00f6r mer information om medicintekniska produkter, bes\u00f6k <a href=\"https:\/\/www.lakemedelsverket.se\/sv\/medicinteknik\/vilka-regler-galler-mig\/vilken-medicinteknisk-produkt\">L\u00e4kemedelsverket<\/a>.<\/li>\n<li>Se \u00e4ven kvalitetss\u00e4krade produkter p\u00e5 <a href=\"https:\/\/www.safexit.se\/QualityProducts.html\">Safexit<\/a>.<\/li>\n<\/ul>\n<h3>F\u00f6retagsinformation<\/h3>\n<p><strong>UAB East Scandinavia Company<\/strong><br \/>\nOrg. nr.: 303387085<br \/>\nVAT nr.: LT100010964415<br \/>\nZalioji g 2-8, Linksmakalnio k<br \/>\n53291 Kauno r<br \/>\nLitauen<\/p>\n","protected":false},"excerpt":{"rendered":"<p>V\u00e4lkommen till Selvsjek Selvsjek \u00e4r en specialiserad webbutik som erbjuder ett noggrant utvalt sortiment av tester och diagnostisk utrustning. Vi samarbetar med flera v\u00e4lrenommerade leverant\u00f6rer och tillverkare, vars kvalitetss\u00e4krade och p\u00e5litliga produkter finns tillg\u00e4ngliga p\u00e5 apotek \u00f6ver hela Europa. P\u00e5 Selvsjek erbjuder vi inte bara produkter av h\u00f6g kvalitet, utan vi g\u00f6r dem ocks\u00e5 till &#8230; <a title=\"Om oss\" class=\"read-more\" href=\"https:\/\/selvsjekk.com\/sv\/om-oss\" aria-label=\"L\u00e4s mer om Om oss\">L\u00e4s mer<\/a><\/p>\n","protected":false},"author":1,"featured_media":0,"parent":0,"menu_order":0,"comment_status":"closed","ping_status":"closed","template":"","meta":{"footnotes":""},"class_list":["post-15223","page","type-page","status-publish"],"_links":{"self":[{"href":"https:\/\/selvsjekk.com\/sv\/wp-json\/wp\/v2\/pages\/15223","targetHints":{"allow":["GET"]}}],"collection":[{"href":"https:\/\/selvsjekk.com\/sv\/wp-json\/wp\/v2\/pages"}],"about":[{"href":"https:\/\/selvsjekk.com\/sv\/wp-json\/wp\/v2\/types\/page"}],"author":[{"embeddable":true,"href":"https:\/\/selvsjekk.com\/sv\/wp-json\/wp\/v2\/users\/1"}],"replies":[{"embeddable":true,"href":"https:\/\/selvsjekk.com\/sv\/wp-json\/wp\/v2\/comments?post=15223"}],"version-history":[{"count":1,"href":"https:\/\/selvsjekk.com\/sv\/wp-json\/wp\/v2\/pages\/15223\/revisions"}],"predecessor-version":[{"id":17155,"href":"https:\/\/selvsjekk.com\/sv\/wp-json\/wp\/v2\/pages\/15223\/revisions\/17155"}],"wp:attachment":[{"href":"https:\/\/selvsjekk.com\/sv\/wp-json\/wp\/v2\/media?parent=15223"}],"curies":[{"name":"wp","href":"https:\/\/api.w.org\/{rel}","templated":true}]}}