{"id":15198,"date":"2018-10-08T18:49:20","date_gmt":"2018-10-08T16:49:20","guid":{"rendered":"https:\/\/selvsjekk.com\/produkt\/klamydia-tippuri-testipaketti"},"modified":"2025-07-08T22:32:11","modified_gmt":"2025-07-08T20:32:11","slug":"klamydia-gonorrhea-testipakkaus","status":"publish","type":"product","link":"https:\/\/selvsjekk.com\/fi\/tuote\/klamydia-gonorrhea-testipakkaus","title":{"rendered":"Klamydia + tippuri testipaketti"},"content":{"rendered":"<h1>Klamydia ja Tippuri: Sukupuolitaudit<\/h1>\n<p>Klamydia ja tippuri ovat yleisi\u00e4 sukupuolitauteja, joiden varalta testataan usein samanaikaisesti. T\u00e4m\u00e4 johtuu siit\u00e4, ett\u00e4 n\u00e4ill\u00e4 taudeilla on usein samankaltaisia oireita, ja ei ole harvinaista, ett\u00e4 molemmat infektiot esiintyv\u00e4t yht\u00e4 aikaa. <\/p>\n<h2>Klamydia testi<\/h2>\n<p>Klamydia on ylivoimaisesti yleisin nuorten sukupuolitauti, ja useimmissa tapauksissa se ei aiheuta oireita. Infektio voi levit\u00e4 huomaamatta, ja siksi on t\u00e4rke\u00e4\u00e4 testata itsens\u00e4 s\u00e4\u00e4nn\u00f6llisesti. Klamydian hoito on suhteellisen yksinkertaista, eik\u00e4 syyt\u00e4 ole v\u00e4ltell\u00e4 testi\u00e4, sill\u00e4 klamydiabakteeri voi saastuttaa jopa 20 % nuorista. Pitk\u00e4ll\u00e4 aikav\u00e4lill\u00e4 hoitamattomana infektio voi johtaa vakaviin seurauksiin, kuten hedelm\u00e4tt\u00f6myyteen tai jopa kuolemaan. Lis\u00e4tietoja klamydiasta l\u00f6yd\u00e4t [t\u00e4\u00e4lt\u00e4](https:\/\/selvsjekk.com\/fi\/emne\/klamydia-fi).<\/p>\n<h2>Klamydiatestin ohjeet<\/h2>\n<ul>\n<li><a href=\"https:\/\/selvsjekk.com\/wp-content\/uploads\/2018\/03\/Chlamydia-Cassette-NO.pdf\">Klamydia-ohjeet NO<\/a><\/li>\n<\/ul>\n<h2>Gonorrhea testi<\/h2>\n<p>Vaikka tippuri ei koske niin monia ihmisi\u00e4 kuin klamydia, t\u00e4m\u00e4 sukupuolitauti on yleistym\u00e4ss\u00e4 Norjassa ja Euroopassa. T\u00e4m\u00e4 on selke\u00e4sti havaittavissa matkustuksen lis\u00e4\u00e4ntyess\u00e4. Tippuri on sukupuolitauti, joka on yh\u00e4 yleinen tietyill\u00e4 alueilla, kuten Aasiassa, ja yh\u00e4 useammin se tuodaan Eurooppaan, mik\u00e4 lis\u00e4\u00e4 sen levi\u00e4mismahdollisuuksia.<\/p>\n<h2>Gonorrhea-testin ohjeet<\/h2>\n<ul>\n<li><a href=\"https:\/\/selvsjekk.com\/wp-content\/uploads\/2018\/10\/Gonorrhea-Cassette-NO.pdf\">Gonorrhea-testin ohjeet<\/a><\/li>\n<\/ul>\n<p>Testaa itsesi Chlamydia + Gonorrhea -testipaketilla ja suojaa itse\u00e4si sek\u00e4 tulevia kumppaneitasi. Lis\u00e4tietoa gonorreasta saat [Terveyskirjastosta](https:\/\/www.terveyskirjasto.fi\/dlk00139) ja hoito-ohjeita [K\u00e4yp\u00e4 hoito -sivustolta](https:\/\/www.kaypahoito.fi\/hoi50087).<\/p>\n","protected":false},"excerpt":{"rendered":"<p>T\u00e4ss\u00e4 testipaketissa sinut testataan klamydian ja tippurin varalta laadukkailla sukupuolitautitesteill\u00e4.<i class=\"fa fa-check-square fa-2x\" style=\"color: green\"><\/i><\/p>\n<p><a href=\"https:\/\/selvsjekk.com\/wp-content\/uploads\/2018\/07\/ivvv-300x76.png\"><img loading=\"lazy\" decoding=\"async\" class=\"size-medium wp-image-1526 aligncenter\" src=\"https:\/\/selvsjekk.com\/wp-content\/uploads\/2018\/07\/ivvv-300x76.png\" alt=\"\" width=\"300\" height=\"76\" srcset=\"https:\/\/selvsjekk.com\/wp-content\/uploads\/2018\/07\/ivvv-300x76.png 300w, https:\/\/selvsjekk.com\/wp-content\/uploads\/2018\/07\/ivvv-600x153.png 600w, https:\/\/selvsjekk.com\/wp-content\/uploads\/2018\/07\/ivvv-1024x261.png 1024w, https:\/\/selvsjekk.com\/wp-content\/uploads\/2018\/07\/ivvv-768x196.png 768w, https:\/\/selvsjekk.com\/wp-content\/uploads\/2018\/07\/ivvv-20x5.png 20w, https:\/\/selvsjekk.com\/wp-content\/uploads\/2018\/07\/ivvv.png 1177w\" sizes=\"auto, (max-width: 300px) 100vw, 300px\" \/><\/a><\/p>\n","protected":false},"featured_media":15697,"template":"","meta":[],"product_brand":[],"product_cat":[403],"product_tag":[20,399,879,398,911,443],"class_list":{"0":"post-15198","1":"product","2":"type-product","3":"status-publish","4":"has-post-thumbnail","6":"product_cat-paketit","7":"product_tag-klamydia","8":"product_tag-sukupuolitaudit","9":"product_tag-terveys","10":"product_tag-testata","11":"product_tag-testaus","12":"product_tag-tippuri","14":"first","15":"outofstock","16":"taxable","17":"shipping-taxable","18":"purchasable","19":"product-type-simple"},"_links":{"self":[{"href":"https:\/\/selvsjekk.com\/fi\/wp-json\/wp\/v2\/product\/15198","targetHints":{"allow":["GET"]}}],"collection":[{"href":"https:\/\/selvsjekk.com\/fi\/wp-json\/wp\/v2\/product"}],"about":[{"href":"https:\/\/selvsjekk.com\/fi\/wp-json\/wp\/v2\/types\/product"}],"wp:featuredmedia":[{"embeddable":true,"href":"https:\/\/selvsjekk.com\/fi\/wp-json\/wp\/v2\/media\/15697"}],"wp:attachment":[{"href":"https:\/\/selvsjekk.com\/fi\/wp-json\/wp\/v2\/media?parent=15198"}],"wp:term":[{"taxonomy":"product_brand","embeddable":true,"href":"https:\/\/selvsjekk.com\/fi\/wp-json\/wp\/v2\/product_brand?post=15198"},{"taxonomy":"product_cat","embeddable":true,"href":"https:\/\/selvsjekk.com\/fi\/wp-json\/wp\/v2\/product_cat?post=15198"},{"taxonomy":"product_tag","embeddable":true,"href":"https:\/\/selvsjekk.com\/fi\/wp-json\/wp\/v2\/product_tag?post=15198"}],"curies":[{"name":"wp","href":"https:\/\/api.w.org\/{rel}","templated":true}]}}