{"id":15248,"date":"2025-07-09T01:36:18","date_gmt":"2025-07-08T23:36:18","guid":{"rendered":"https:\/\/selvsjekk.com\/vastuuvapauslauseke"},"modified":"2025-07-09T01:47:47","modified_gmt":"2025-07-08T23:47:47","slug":"vastuuvapauslauseke","status":"publish","type":"page","link":"https:\/\/selvsjekk.com\/fi\/vastuuvapauslauseke","title":{"rendered":"Vastuuvapauslauseke"},"content":{"rendered":"<h2>Vastuuvapauslauseke<\/h2>\n<p>Me tai mik\u00e4\u00e4n muu t\u00e4m\u00e4n verkkosivuston (<a href=\"https:\/\/hjemediagnostikk.com\">Self Check<\/a>) luomiseen, tuottamiseen tai k\u00e4ytt\u00f6\u00f6n osallistuva osapuoli ei ole miss\u00e4\u00e4n olosuhteissa vastuussa suorista tai ep\u00e4suorista vahingoista, jotka johtuvat:<\/p>\n<ol>\n<li><a href=\"https:\/\/hjemediagnostikk.com\">Tiedot kodin diagnostiikasta<\/a> (Lis\u00e4tietoja &#8211; Verkkosivusto),<\/li>\n<li>myydyt tuotteet tai<\/li>\n<li>muut palveluun liittyv\u00e4t ehdot.<\/li>\n<\/ol>\n<p>Hyv\u00e4ksyt t\u00e4ten, ett\u00e4 t\u00e4m\u00e4 osio koskee kaikkia verkkosivustolla saatavilla olevia tuotteita, sis\u00e4lt\u00f6\u00e4 ja palveluita.<\/p>\n<h2>Sairauksien ja tilojen oireet<\/h2>\n<p>Joissakin artikkeleissa kuvataan eri sairauksien ja tilojen yleisi\u00e4 oireita ja annetaan yleist\u00e4 tietoa hoidosta ja diagnostiikasta. Verkkosivustolla olevia tietoja ei saa koskaan k\u00e4ytt\u00e4\u00e4 korvaamaan l\u00e4\u00e4k\u00e4rin tai muun p\u00e4tev\u00e4n terveydenhuollon henkil\u00f6kunnan suorittamaa kontaktia, diagnostiikkaa, tutkimusta tai hoitoa. On t\u00e4rke\u00e4\u00e4 muistaa, ett\u00e4 tietoja ei saa k\u00e4ytt\u00e4\u00e4 diagnoosin tai hoidon valinnan perustana.<\/p>\n<h3>Yleist\u00e4 tietoa sis\u00e4ll\u00f6st\u00e4<\/h3>\n<p>Sivuston sis\u00e4lt\u00f6 tarjoaa vain yleist\u00e4 tietoa, eik\u00e4 se ole mill\u00e4\u00e4n tavalla ennaltaehk\u00e4isev\u00e4\u00e4, diagnostista, terapeuttista, terveytt\u00e4 s\u00e4ilytt\u00e4v\u00e4\u00e4 tai kuntouttavaa. Ei ole takeita siit\u00e4, ett\u00e4 verkkosivustolla tai t\u00e4\u00e4ll\u00e4 myyt\u00e4viss\u00e4 tuotteissa olevat tiedot ovat t\u00e4ysin tarkkoja ja\/tai t\u00e4ydellisi\u00e4 kaikilta osin.<\/p>\n<h2>Vastuuvapauden rajat<\/h2>\n<p>T\u00e4m\u00e4n verkkosivuston toimittajia tai avustajia ei voida pit\u00e4\u00e4 suoraan tai ep\u00e4suorasti vastuussa mist\u00e4\u00e4n vahingoista tai puutteista, jotka johtuvat suoraan tai v\u00e4lillisesti verkkosivuston muodostavien artikkeleiden ja tuotekuvausten sis\u00e4lt\u00e4mien tietojen k\u00e4yt\u00f6st\u00e4 tai v\u00e4\u00e4rink\u00e4yt\u00f6st\u00e4. Mit\u00e4\u00e4n sairauksia, l\u00e4\u00e4kkeit\u00e4, diagnostisia menetelmi\u00e4 tai hoitoja ei ole kuvattu t\u00e4ysin.<\/p>\n<h2>L\u00e4\u00e4kkeiden k\u00e4ytt\u00f6<\/h2>\n<p>L\u00e4\u00e4kkeiden ja muiden hoitomuotojen oikea k\u00e4ytt\u00f6 riippuu muun muassa henkil\u00f6n terveydentilasta, muiden l\u00e4\u00e4kkeiden samanaikaisesta k\u00e4yt\u00f6st\u00e4 ja muista erityisolosuhteista. Valtuutettu l\u00e4\u00e4k\u00e4ri pystyy antamaan kaikki tarvittavat ja oikeat tiedot verkkosivuilla mainituista l\u00e4\u00e4kkeist\u00e4, hoitomenetelmist\u00e4 ja diagnostiikasta.<\/p>\n<h3>Reseptil\u00e4\u00e4kkeiden k\u00e4ytt\u00f6<\/h3>\n<p>Reseptil\u00e4\u00e4kkeiden k\u00e4ytt\u00f6 tulee aina olla l\u00e4\u00e4k\u00e4risi vastuulla. Noudata pakkausselosteita. Jos hoidon aikana ilmenee vakavia tai odottamattomia sivuvaikutuksia tai muita ep\u00e4tavallisia oireita, on v\u00e4litt\u00f6m\u00e4sti otettava yhteys l\u00e4\u00e4k\u00e4riin.<\/p>\n<h2>Lis\u00e4tietoa<\/h2>\n<p>Lis\u00e4tietoja HIV:st\u00e4 ja AIDSista l\u00f6yd\u00e4t artikkelista <a href=\"https:\/\/selvsjekk.com\/fi\/hivn-ja-aidsin-merkit-ja-oireet\">Tegn og symptomer p\u00e5 HIV og AIDS<\/a>. Lis\u00e4ksi, jos haluat tiet\u00e4\u00e4 enemm\u00e4n klamydian ongelmista, tutustu <a href=\"https:\/\/selvsjekk.com\/fi\/klamydian-komplikaatiot\">Komplikasjoner ved klamydia<\/a>.<\/p>\n<p>Ty\u00f6paikkoja terveydenhuollon asiantuntijoille l\u00f6yd\u00e4t <a href=\"https:\/\/fi.indeed.com\/q-terveydenhuollon-asiantuntija-tyopaikat.html\">t\u00e4\u00e4lt\u00e4<\/a>.<\/p>\n","protected":false},"excerpt":{"rendered":"<p>Vastuuvapauslauseke Me tai mik\u00e4\u00e4n muu t\u00e4m\u00e4n verkkosivuston (Self Check) luomiseen, tuottamiseen tai k\u00e4ytt\u00f6\u00f6n osallistuva osapuoli ei ole miss\u00e4\u00e4n olosuhteissa vastuussa suorista tai ep\u00e4suorista vahingoista, jotka johtuvat: Tiedot kodin diagnostiikasta (Lis\u00e4tietoja &#8211; Verkkosivusto), myydyt tuotteet tai muut palveluun liittyv\u00e4t ehdot. Hyv\u00e4ksyt t\u00e4ten, ett\u00e4 t\u00e4m\u00e4 osio koskee kaikkia verkkosivustolla saatavilla olevia tuotteita, sis\u00e4lt\u00f6\u00e4 ja palveluita. Sairauksien ja &#8230; <a title=\"Vastuuvapauslauseke\" class=\"read-more\" href=\"https:\/\/selvsjekk.com\/fi\/vastuuvapauslauseke\" aria-label=\"Lue lis\u00e4\u00e4 aiheesta Vastuuvapauslauseke\">Lue lis\u00e4\u00e4<\/a><\/p>\n","protected":false},"author":1,"featured_media":0,"parent":0,"menu_order":0,"comment_status":"closed","ping_status":"closed","template":"","meta":{"footnotes":""},"class_list":["post-15248","page","type-page","status-publish"],"_links":{"self":[{"href":"https:\/\/selvsjekk.com\/fi\/wp-json\/wp\/v2\/pages\/15248","targetHints":{"allow":["GET"]}}],"collection":[{"href":"https:\/\/selvsjekk.com\/fi\/wp-json\/wp\/v2\/pages"}],"about":[{"href":"https:\/\/selvsjekk.com\/fi\/wp-json\/wp\/v2\/types\/page"}],"author":[{"embeddable":true,"href":"https:\/\/selvsjekk.com\/fi\/wp-json\/wp\/v2\/users\/1"}],"replies":[{"embeddable":true,"href":"https:\/\/selvsjekk.com\/fi\/wp-json\/wp\/v2\/comments?post=15248"}],"version-history":[{"count":1,"href":"https:\/\/selvsjekk.com\/fi\/wp-json\/wp\/v2\/pages\/15248\/revisions"}],"predecessor-version":[{"id":17182,"href":"https:\/\/selvsjekk.com\/fi\/wp-json\/wp\/v2\/pages\/15248\/revisions\/17182"}],"wp:attachment":[{"href":"https:\/\/selvsjekk.com\/fi\/wp-json\/wp\/v2\/media?parent=15248"}],"curies":[{"name":"wp","href":"https:\/\/api.w.org\/{rel}","templated":true}]}}