{"id":15217,"date":"2025-07-08T23:32:06","date_gmt":"2025-07-08T21:32:06","guid":{"rendered":"https:\/\/selvsjekk.com\/meista"},"modified":"2025-07-09T23:38:30","modified_gmt":"2025-07-09T21:38:30","slug":"meista","status":"publish","type":"page","link":"https:\/\/selvsjekk.com\/fi\/meista","title":{"rendered":"Meist\u00e4"},"content":{"rendered":"<h1>Selvsjek &#8211; Laadukkaat Testit ja Diagnostiset Laitteet<\/h1>\n<p>Selvsjek on erikoistunut verkkokauppa, joka tarjoaa pienen mutta relevantin valikoiman testej\u00e4 ja muita diagnostisia laitteita. Meill\u00e4 on sopimuksia useiden tunnettujen tavarantoimittajien ja valmistajien kanssa, joiden laatuvarmat ja luotettavat tuotteet l\u00f6ytyv\u00e4t <a href=\"https:\/\/mediq.fi\/terveydenhuolto\/diagnostiset-laitteet\">apteekeista ymp\u00e4ri Eurooppaa<\/a>. Selvsjek ei tarjoa vain luotettavia ja laadukkaita tuotteita, vaan tarjoamme niit\u00e4 my\u00f6s markkinoiden alhaisimpaan hintaan.<\/p>\n<h2>Tuotteet<\/h2>\n<p>Meilt\u00e4 l\u00f6yd\u00e4t laajan valikoiman erilaisia testej\u00e4 ja diagnostiikkaa. Erityisesti suosittelemme:<\/p>\n<ul>\n<li><a href=\"https:\/\/selvsjek.com\/fi\/tuotekategoria\/paketit\">Paketit<\/a> &#8211; monipuoliset testipaketit eri tarpeisiin<\/li>\n<li><a href=\"https:\/\/selvsjek.com\/fi\/tuotekategoria\/raskaustesti\">Raskaustestit<\/a> &#8211; tarkat ja luotettavat raskaustestit<\/li>\n<\/ul>\n<h2>Kilpailukykyiset Hinnat<\/h2>\n<p>Toimimme Liettuassa, mik\u00e4 pit\u00e4\u00e4 kustannukset alhaisina ja antaa meille mahdollisuuden tarjota tuotteitamme kilpailukykyiseen hintaan. Meid\u00e4n tavoitteemme on tarjota asiakkaillemme parasta mahdollista palvelua ja laadukkaita tuotteita.<\/p>\n<h3>Ota Yhteytt\u00e4<\/h3>\n<p>Jos sinulla on kysytt\u00e4v\u00e4\u00e4 tuotteistamme tai tilauksestasi, \u00e4l\u00e4 ep\u00e4r\u00f6i ottaa yhteytt\u00e4 asiakaspalveluumme. Voit my\u00f6s vierailla <a href=\"https:\/\/www.kotitesti.fi\/\">kotitestiss\u00e4<\/a> saadaksesi lis\u00e4tietoja diagnostiikkaan liittyvist\u00e4 tuotteista.<\/p>\n<p><strong>Yrityksen tiedot:<\/strong><\/p>\n<p>UAB East Scandinavia Company<br \/>\nOrg. nro: 303387085<br \/>\nALV-nro: LT100010964415<br \/>\nZalioji g 2-8, Linksmakalnio k<br \/>\n53291 Kauno r<br \/>\nLiettua<\/p>\n","protected":false},"excerpt":{"rendered":"<p>Selvsjek &#8211; Laadukkaat Testit ja Diagnostiset Laitteet Selvsjek on erikoistunut verkkokauppa, joka tarjoaa pienen mutta relevantin valikoiman testej\u00e4 ja muita diagnostisia laitteita. Meill\u00e4 on sopimuksia useiden tunnettujen tavarantoimittajien ja valmistajien kanssa, joiden laatuvarmat ja luotettavat tuotteet l\u00f6ytyv\u00e4t apteekeista ymp\u00e4ri Eurooppaa. Selvsjek ei tarjoa vain luotettavia ja laadukkaita tuotteita, vaan tarjoamme niit\u00e4 my\u00f6s markkinoiden alhaisimpaan hintaan. &#8230; <a title=\"Meist\u00e4\" class=\"read-more\" href=\"https:\/\/selvsjekk.com\/fi\/meista\" aria-label=\"Lue lis\u00e4\u00e4 aiheesta Meist\u00e4\">Lue lis\u00e4\u00e4<\/a><\/p>\n","protected":false},"author":1,"featured_media":0,"parent":0,"menu_order":0,"comment_status":"closed","ping_status":"closed","template":"","meta":{"footnotes":""},"class_list":["post-15217","page","type-page","status-publish"],"_links":{"self":[{"href":"https:\/\/selvsjekk.com\/fi\/wp-json\/wp\/v2\/pages\/15217","targetHints":{"allow":["GET"]}}],"collection":[{"href":"https:\/\/selvsjekk.com\/fi\/wp-json\/wp\/v2\/pages"}],"about":[{"href":"https:\/\/selvsjekk.com\/fi\/wp-json\/wp\/v2\/types\/page"}],"author":[{"embeddable":true,"href":"https:\/\/selvsjekk.com\/fi\/wp-json\/wp\/v2\/users\/1"}],"replies":[{"embeddable":true,"href":"https:\/\/selvsjekk.com\/fi\/wp-json\/wp\/v2\/comments?post=15217"}],"version-history":[{"count":1,"href":"https:\/\/selvsjekk.com\/fi\/wp-json\/wp\/v2\/pages\/15217\/revisions"}],"predecessor-version":[{"id":17158,"href":"https:\/\/selvsjekk.com\/fi\/wp-json\/wp\/v2\/pages\/15217\/revisions\/17158"}],"wp:attachment":[{"href":"https:\/\/selvsjekk.com\/fi\/wp-json\/wp\/v2\/media?parent=15217"}],"curies":[{"name":"wp","href":"https:\/\/api.w.org\/{rel}","templated":true}]}}