{"id":15194,"date":"2018-12-02T12:52:22","date_gmt":"2018-12-02T11:52:22","guid":{"rendered":"https:\/\/selvsjekk.com\/produkt\/saedproeve-2-kassetter"},"modified":"2018-12-02T12:52:22","modified_gmt":"2018-12-02T11:52:22","slug":"froprove","status":"publish","type":"product","link":"https:\/\/selvsjekk.com\/da\/produkt\/froprove","title":{"rendered":"S\u00e6dpr\u00f8ve (2 kassetter)"},"content":{"rendered":"<h2>S\u00e6dpr\u00f8ve<\/h2>\n<p>Der er mange norske par, der har problemer med at f\u00e5 b\u00f8rn p\u00e5 det konventionelle tidspunkt, og det vurderes, at over 10 procent af norske par ikke klarer det inden for 12 m\u00e5neder efter at have &#8220;fors\u00f8gt&#8221;. N\u00e5r denne tid er g\u00e5et, vil parret sammen blive klassificeret som &#8220;ufrivilligt barnl\u00f8se&#8221;. Det er selvf\u00f8lgelig en st\u00e6rk indikation p\u00e5, at der kan v\u00e6re infertilitet hos en af personerne i forholdet, men det er der selvf\u00f8lgelig ikke noget endegyldigt bevis for. Faktisk skal der foretages grundige l\u00e6geunders\u00f8gelser p\u00e5 en autoriseret sundhedsinstitution, f\u00f8r en s\u00e5dan diagnose kan stilles, og det begynder normalt f\u00f8rst, n\u00e5r der er g\u00e5et 12 m\u00e5neder. Til geng\u00e6ld kan det v\u00e6re b\u00e5de nervepirrende og skr\u00e6mmende at fors\u00f8ge sig i over 12 m\u00e5neder, hvor man konstant har frygten for barnl\u00f8shed h\u00e6ngende over sig. I s\u00e5danne tilf\u00e6lde kan det v\u00e6re nyttigt at udelukke en af de mest almindelige \u00e5rsager til nedsat fertilitet hos m\u00e6nd, som er en reduceret koncentration af s\u00e6dceller. Dette er en tilstand med mange forskellige \u00e5rsager, men mange af dem er heldigvis reversible, som for eksempel rygning, h\u00f8jt alkoholforbrug og overv\u00e6gt.<\/p>\n<h2>Hvordan fungerer en mandlig fertilitetstest?<\/h2>\n<p>Verdenssundhedsorganisationen (WHO) har ansl\u00e5et, at s\u00e6dkoncentrationen hos fertile m\u00e6nd b\u00f8r v\u00e6re over 20 millioner s\u00e6dceller pr. milliliter s\u00e6d. Der er mange \u00e5rsager til, at en mands s\u00e6dkoncentration er lav, og det kan skyldes medf\u00f8dte defekter, hormonforstyrrelser eller erhvervede skader. &#8220;Heldigvis&#8221; skyldes det ofte livsstilsfaktorer som fedme, usund kost, tobak og alkohol \u2013 som alt sammen kan h\u00e5ndteres. Vores s\u00e6dkvalitetstest fra Egens\u00ae er en kvantitativ fertilitetstest for m\u00e6nd, som virker ved at placere s\u00e6dv\u00e6sken i en testbr\u00f8nd, hvor der tils\u00e6ttes et farvestof, der g\u00f8r s\u00e6dcellerne bl\u00e5. En synlig bl\u00e5 farve indikerer et positivt resultat, som vil v\u00e6re gyldigt ved koncentrationer h\u00f8jere end 20 millioner s\u00e6dceller pr. milliliter s\u00e6d. En s\u00e6dtest uden klar farve er negativ, og du anses da for at have en lav koncentration af s\u00e6d.<\/p>\n<h2>Hvem skal k\u00f8be en mandlig fertilitetstest?<\/h2>\n<p>Vi anbefaler som udgangspunkt vores s\u00e6dtest til alle par eller enkeltpersoner, der har sv\u00e6rt ved at blive gravide, is\u00e6r hvis I har pr\u00f8vet i lang tid. Dette kan hj\u00e6lpe med at udelukke de mest almindelige \u00e5rsager til nedsat fertilitet hos m\u00e6nd, f\u00f8r den konventionelle 12-m\u00e5neders venteperiode er ovre. I mange tilf\u00e6lde vil en nedsat s\u00e6dkoncentration v\u00e6re reversibel, og det betyder, at du kan g\u00f8re noget ved det! Har du derimod mistanke om andre mere alvorlige bagvedliggende \u00e5rsager, s\u00e5 anbefaler vi, at du ogs\u00e5 kontakter en l\u00e6ge for en mere omfattende l\u00e6geunders\u00f8gelse, i stedet for at k\u00f8be en mandlig fertilitetstest.<\/p>\n<h2>Hvordan skal man fortolke resultaterne af en s\u00e6dkvalitetstest?<\/h2>\n<p>Koncentration af s\u00e6d i s\u00e6d er en af de faktorer, som det medicinske sundhedspersonale tager i betragtning ved vurdering af fertilitet hos m\u00e6nd, men der er til geng\u00e6ld mange andre variable ud over dette, der har en afg\u00f8rende betydning. De kan ogs\u00e5 skyldes unormale egenskaber ved s\u00e6den, s\u00e5som unormal form og nedsat bev\u00e6gelighed, men det kan ogs\u00e5 stamme fra, at s\u00e6dv\u00e6sken best\u00e5r af andre celletyper, der fortynder koncentrationen af normal s\u00e6d (dette vil ikke blive fanget ved vores fertilitetstest for m\u00e6nd). Det er ogs\u00e5 vigtigt, at du ikke tager testen i perioder med fysisk og psykisk stress som stress, angst og sygdom, da det kan have en negativ effekt p\u00e5 vores s\u00e6dtest. Alt dette betyder, at vores mandlige fertilitetstest ikke kan bruges til at stille en endelig diagnose, da den ikke kan udelukke alle \u00e5rsagsfaktorer, men den kan p\u00e5vise lav s\u00e6dkoncentration med 97 % sikkerhed. Det er heldigvis noget, der ofte er for\u00e5rsaget af reversible livsstilsfaktorer som kost, motion, tobak, alkohol og overv\u00e6gt, og du kan forbedre resultatet af din fertilitetstest med de rigtige livsstils\u00e6ndringer.<\/p>\n<h2>Hvad indeholder en s\u00e6dtest fra Egens? <em>\u00ae<\/em> :<\/h2>\n<p>2 stk. <em>f\u00f8lsom Egens\u00ae spermtest (kassette) med 2 stk. plastik pipette<\/em><br \/>\n2 stk. <em>pr\u00f8veglas<\/em><br \/>\n1 styk. <em>flaske bl\u00e5t farvestof<br \/>\n1 styk. flaske med vaskereagens<br \/>\n<\/em>1 styk. <em>plastik pipette<\/em><\/p>\n","protected":false},"excerpt":{"rendered":"<p>Det er ofte n\u00e6rliggende at mist\u00e6nke, at problemet ligger hos manden i de tilf\u00e6lde, hvor par k\u00e6mper med at f\u00f8de et barn, men statistisk set g\u00e6lder det kun for 25 procent af tilf\u00e6ldene. S\u00e5 vil dette som regel v\u00e6re for\u00e5rsaget af en lav koncentration af s\u00e6dceller, og det er noget, der kan testes med vores fertilitetstest til m\u00e6nd. Det giver et positivt resultat, hvis koncentrationen af s\u00e6dceller er over 20 millioner\/ml, hvilket er minimumskravet for vellykket befrugtning p\u00e5 konventionel vis.<\/p>\n<ul>\n<li>97% sikker<\/li>\n<li>Hurtige og p\u00e5lidelige resultater<\/li>\n<li>Kvalitetssikret m\u00e6rke<\/li>\n<\/ul>\n","protected":false},"featured_media":15133,"template":"","meta":[],"product_brand":[],"product_cat":[433],"product_tag":[417,416,383,413,442],"class_list":{"0":"post-15194","1":"product","2":"type-product","3":"status-publish","4":"has-post-thumbnail","6":"product_cat-fertilitetstest-da","7":"product_tag-andre-tests","8":"product_tag-fertilitet-da","9":"product_tag-gravid-da","10":"product_tag-konssygdomme","11":"product_tag-saedprove","13":"first","14":"outofstock","15":"taxable","16":"shipping-taxable","17":"purchasable","18":"product-type-simple"},"_links":{"self":[{"href":"https:\/\/selvsjekk.com\/da\/wp-json\/wp\/v2\/product\/15194","targetHints":{"allow":["GET"]}}],"collection":[{"href":"https:\/\/selvsjekk.com\/da\/wp-json\/wp\/v2\/product"}],"about":[{"href":"https:\/\/selvsjekk.com\/da\/wp-json\/wp\/v2\/types\/product"}],"wp:featuredmedia":[{"embeddable":true,"href":"https:\/\/selvsjekk.com\/da\/wp-json\/wp\/v2\/media\/15133"}],"wp:attachment":[{"href":"https:\/\/selvsjekk.com\/da\/wp-json\/wp\/v2\/media?parent=15194"}],"wp:term":[{"taxonomy":"product_brand","embeddable":true,"href":"https:\/\/selvsjekk.com\/da\/wp-json\/wp\/v2\/product_brand?post=15194"},{"taxonomy":"product_cat","embeddable":true,"href":"https:\/\/selvsjekk.com\/da\/wp-json\/wp\/v2\/product_cat?post=15194"},{"taxonomy":"product_tag","embeddable":true,"href":"https:\/\/selvsjekk.com\/da\/wp-json\/wp\/v2\/product_tag?post=15194"}],"curies":[{"name":"wp","href":"https:\/\/api.w.org\/{rel}","templated":true}]}}