{"id":13645,"date":"2019-10-28T13:07:38","date_gmt":"2019-10-28T12:07:38","guid":{"rendered":"https:\/\/selvsjekk.com\/produkt\/golden-time-graviditetspakke-10-aegloesningstest-5-graviditetstest"},"modified":"2025-07-08T18:32:03","modified_gmt":"2025-07-08T16:32:03","slug":"gylden-tid-graviditetspakke-10-aeglosningstest-5-graviditetstest","status":"publish","type":"product","link":"https:\/\/selvsjekk.com\/da\/produkt\/gylden-tid-graviditetspakke-10-aeglosningstest-5-graviditetstest","title":{"rendered":"Golden Time\u00ae Graviditetspakke (10 \u00e6gl\u00f8sningstest + 5 graviditetstest)"},"content":{"rendered":"<h2>Golden Time\u00ae-pakken til gravide m\u00f8dre<\/h2>\n<p>Golden Time\u00ae-pakken til gravide m\u00f8dre indeholder 10 \u00e6gl\u00f8sningstests og 5 graviditetstests, hvilket g\u00f8r den til det ideelle valg for kvinder, der \u00f8nsker at blive gravide. Denne pakke er designet til at hj\u00e6lpe dig med at opn\u00e5 din dr\u00f8m om at f\u00e5 en baby efter 9 m\u00e5neder. Med kvalitetssikrede Golden Time\u00ae \u00e6gl\u00f8snings- og graviditetstest vil du \u00f8ge dine chancer for at blive gravid.<\/p>\n<h3>Hvordan fungerer \u00e6gl\u00f8sningstest?<\/h3>\n<p>\u00c6gl\u00f8sningstest hj\u00e6lper dig med at bestemme, hvorn\u00e5r dine mest frugtbare dage er. Dette er afg\u00f8rende for at planl\u00e6gge tidspunktet for befrugtning.<\/p>\n<h3>Hvorn\u00e5r skal du tage graviditetstest?<\/h3>\n<p>Med Golden Time\u00ae graviditetstest vil du hurtigt finde ud af, hvorn\u00e5r du er gravid. Testen er nem at bruge og giver dig hurtige resultater.<\/p>\n<h3>Hvorfor v\u00e6lge Golden Time\u00ae-pakken?<\/h3>\n<ul>\n<li>10 stk. Golden Time\u00ae \u00e6gl\u00f8sningstest<\/li>\n<li>5 stk. Golden Time\u00ae graviditetstest<\/li>\n<li>\u00d8get chance for at blive gravid<\/li>\n<li>Besparelser ved k\u00f8b af s\u00e6t<\/li>\n<\/ul>\n<p>For at f\u00e5 yderligere information om graviditetstests, kan du bes\u00f8ge <a href=\"https:\/\/www.apoteket.dk\/sundhed\/gravid\/graviditetstest\">Apoteket<\/a>. For information om \u00e6gl\u00f8sningstests, se venligst <a href=\"https:\/\/www.apoteket.dk\/sundhed\/gravid\/aegloesningstest\">Apoteket<\/a>.<\/p>\n<h3>F\u00f8lsomhed af testene<\/h3>\n<p>Golden Time\u00ae \u00e6gl\u00f8sningstest er f\u00f8lsom over for 25 mIU\/ml LH i urin, mens Golden Time\u00ae graviditetstest er f\u00f8lsom over for en urinkoncentration p\u00e5 25 ml\/ml hCG. Dette sikrer, at du f\u00e5r n\u00f8jagtige resultater.<\/p>\n<p>For et bredere udvalg af graviditetstest, kan du bes\u00f8ge vores <a href=\"https:\/\/selvsjekk.com\/da\/Produktkategori\/graviditetstest-da\">Produktkategori: Graviditetstest<\/a>. Hvis du er interesseret i \u00e6gl\u00f8sningstest, kan du finde dem i vores <a href=\"https:\/\/selvsjekk.com\/da\/Produktkategori\/aeglosningstest\">Produktkategori: \u00c6gl\u00f8sningstest<\/a>.<\/p>\n","protected":false},"excerpt":{"rendered":"<p>For at v\u00e6re sikker p\u00e5 at holde en baby efter 9 m\u00e5neder, er det vigtigt, at du ved, hvorn\u00e5r du kan blive gravid. \u00c6gl\u00f8sning og graviditetstest vil kun \u00f8ge dine chancer for at blive gravid. \u00c6gl\u00f8sningstest vil give dig svar, s\u00e5 du ved, hvorn\u00e5r du har dine mest frugtbare dage, og graviditetstests vil fort\u00e6lle dig de vidunderlige nyheder: Golden Time\u00ae-pakken til gravide m\u00f8dre (10 + 5) vil g\u00f8re, at du ikke g\u00e5r glip af dine mest fertile perioder og vil give dig svar p\u00e5 hvorn\u00e5r du er gravid, plus at du sparer penge.<\/p>\n<ul>\n<li>Du sparer mere end at k\u00f8be tests separat<\/li>\n<li>Testene vil d\u00e6kke flere cyklusser<\/li>\n<li>\u00d8g dine chancer for at blive gravid<\/li>\n<\/ul>\n","protected":false},"featured_media":14929,"template":"","meta":[],"product_brand":[],"product_cat":[387,382],"product_tag":[385,386,122,825,119,822,120],"class_list":{"0":"post-13645","1":"product","2":"type-product","3":"status-publish","4":"has-post-thumbnail","6":"product_cat-aeglosningstest","7":"product_cat-graviditetstest-da","8":"product_tag-aeglosning","9":"product_tag-aeglosningstest","10":"product_tag-fertilitet","11":"product_tag-golden-time","12":"product_tag-gravid","13":"product_tag-graviditet","14":"product_tag-graviditetstest","16":"first","17":"outofstock","18":"taxable","19":"shipping-taxable","20":"purchasable","21":"product-type-simple"},"_links":{"self":[{"href":"https:\/\/selvsjekk.com\/da\/wp-json\/wp\/v2\/product\/13645","targetHints":{"allow":["GET"]}}],"collection":[{"href":"https:\/\/selvsjekk.com\/da\/wp-json\/wp\/v2\/product"}],"about":[{"href":"https:\/\/selvsjekk.com\/da\/wp-json\/wp\/v2\/types\/product"}],"wp:featuredmedia":[{"embeddable":true,"href":"https:\/\/selvsjekk.com\/da\/wp-json\/wp\/v2\/media\/14929"}],"wp:attachment":[{"href":"https:\/\/selvsjekk.com\/da\/wp-json\/wp\/v2\/media?parent=13645"}],"wp:term":[{"taxonomy":"product_brand","embeddable":true,"href":"https:\/\/selvsjekk.com\/da\/wp-json\/wp\/v2\/product_brand?post=13645"},{"taxonomy":"product_cat","embeddable":true,"href":"https:\/\/selvsjekk.com\/da\/wp-json\/wp\/v2\/product_cat?post=13645"},{"taxonomy":"product_tag","embeddable":true,"href":"https:\/\/selvsjekk.com\/da\/wp-json\/wp\/v2\/product_tag?post=13645"}],"curies":[{"name":"wp","href":"https:\/\/api.w.org\/{rel}","templated":true}]}}