{"id":15242,"date":"2025-07-09T01:07:02","date_gmt":"2025-07-08T23:07:02","guid":{"rendered":"https:\/\/selvsjekk.com\/fragt"},"modified":"2025-07-09T23:38:32","modified_gmt":"2025-07-09T21:38:32","slug":"fragt","status":"publish","type":"page","link":"https:\/\/selvsjekk.com\/da\/fragt","title":{"rendered":"Fragt"},"content":{"rendered":"<h2>Forsendelse med Posten<\/h2>\n<p>Vi sender med Posten <a href=\"https:\/\/grafisten.com\/\" target=\"_blank\" rel=\"noopener\">Norge<\/a> \/Bring, som tilbyder p\u00e5lidelig levering af dine varer.<\/p>\n<h3>Pris for fragt<\/h3>\n<ul>\n<li>0-688 kr.: 29 kr<\/li>\n<li>689 kr og opefter: fri fragt!<\/li>\n<\/ul>\n<hr>\n<h2>Leveringstider<\/h2>\n<p>Varer bestilt f\u00f8r kl. 12.00 p\u00e5 hverdage afsendes fra vores lager i Litauen samme dag. Du kan forvente en leveringstid p\u00e5 cirka 4 &#8211; 7 hverdage. Ordrer, der afgives efter kl. 12.00, vil blive afsendt tidligt n\u00e6ste dag.<\/p>\n<h3>Pakkens forsendelse<\/h3>\n<p>Pakken sendes anbefalet, hvilket betyder, at den ankommer til posthuset og ikke direkte i din postkasse. N\u00e5r din bestilling er afsendt, f\u00e5r du besked via e-mail.<\/p>\n<p><strong>Diskret emballage<\/strong><\/p>\n<p>Alle varer sendes diskret i neutral og uanseelig emballage, uden angivelse af forsendelsens indhold. For at udforske vores sortiment, bes\u00f8g venligst <a href=\"https:\/\/selvsjekk.com\/da\/Produktkategori\/pakker-da\">Product Category: Pakker<\/a>. \u00d8nsker du at vide mere om os, kan du bes\u00f8ge <a href=\"https:\/\/selvsjekk.com\/da\/om-os\">Om oss<\/a>.<\/p>\n","protected":false},"excerpt":{"rendered":"<p>Forsendelse med Posten Vi sender med Posten Norge \/Bring, som tilbyder p\u00e5lidelig levering af dine varer. Pris for fragt 0-688 kr.: 29 kr 689 kr og opefter: fri fragt! Leveringstider Varer bestilt f\u00f8r kl. 12.00 p\u00e5 hverdage afsendes fra vores lager i Litauen samme dag. Du kan forvente en leveringstid p\u00e5 cirka 4 &#8211; 7 &#8230; <a title=\"Fragt\" class=\"read-more\" href=\"https:\/\/selvsjekk.com\/da\/fragt\" aria-label=\"Read more about Fragt\">L\u00e6s mere <\/a><\/p>\n","protected":false},"author":1,"featured_media":0,"parent":0,"menu_order":0,"comment_status":"closed","ping_status":"closed","template":"","meta":{"footnotes":""},"class_list":["post-15242","page","type-page","status-publish"],"_links":{"self":[{"href":"https:\/\/selvsjekk.com\/da\/wp-json\/wp\/v2\/pages\/15242","targetHints":{"allow":["GET"]}}],"collection":[{"href":"https:\/\/selvsjekk.com\/da\/wp-json\/wp\/v2\/pages"}],"about":[{"href":"https:\/\/selvsjekk.com\/da\/wp-json\/wp\/v2\/types\/page"}],"author":[{"embeddable":true,"href":"https:\/\/selvsjekk.com\/da\/wp-json\/wp\/v2\/users\/1"}],"replies":[{"embeddable":true,"href":"https:\/\/selvsjekk.com\/da\/wp-json\/wp\/v2\/comments?post=15242"}],"version-history":[{"count":1,"href":"https:\/\/selvsjekk.com\/da\/wp-json\/wp\/v2\/pages\/15242\/revisions"}],"predecessor-version":[{"id":17176,"href":"https:\/\/selvsjekk.com\/da\/wp-json\/wp\/v2\/pages\/15242\/revisions\/17176"}],"wp:attachment":[{"href":"https:\/\/selvsjekk.com\/da\/wp-json\/wp\/v2\/media?parent=15242"}],"curies":[{"name":"wp","href":"https:\/\/api.w.org\/{rel}","templated":true}]}}