{"id":15209,"date":"2025-07-08T23:32:06","date_gmt":"2025-07-08T21:32:06","guid":{"rendered":"https:\/\/selvsjekk.com\/om-os"},"modified":"2025-07-09T23:38:30","modified_gmt":"2025-07-09T21:38:30","slug":"om-os","status":"publish","type":"page","link":"https:\/\/selvsjekk.com\/da\/om-os","title":{"rendered":"Om os"},"content":{"rendered":"<h2>Velkommen til Selvsjek<\/h2>\n<p>Selvsjek er en specialiseret netbutik, der tilbyder et n\u00f8je udvalgt sortiment af tests og diagnostisk udstyr. Vores produkter er n\u00f8je udvalgt fra anerkendte leverand\u00f8rer og producenter, der sikrer kvalitet og p\u00e5lidelighed. Du kan finde vores kvalitetssikrede produkter p\u00e5 apoteker over hele Europa. Vores fokus er ikke blot p\u00e5 kvalitet, men ogs\u00e5 p\u00e5 at tilbyde <a href=\"https:\/\/selvsjek.com\/da\/Produktkategori\/graviditetstest-da\">nogle af markedets absolut laveste priser<\/a>.<\/p>\n<h3>Hvorfor v\u00e6lge Selvsjek?<\/h3>\n<ul>\n<li>Kvalitetssikrede produkter fra anerkendte leverand\u00f8rer.<\/li>\n<li>Konkurrencedygtige priser takket v\u00e6re vores basering i Litauen.<\/li>\n<li>Bredt udvalg af diagnostisk udstyr og tests.<\/li>\n<\/ul>\n<p>For dem, der overvejer at teste sig selv, kan det v\u00e6re nyttigt at vide <a href=\"https:\/\/selvsjek.com\/nar-er-det-smart-a-teste-seg\">hvorn\u00e5r det er smart at teste sig<\/a>. Det hj\u00e6lper med at sikre, at du tr\u00e6ffer informerede valg om dit helbred.<\/p>\n<h3>Virksomhedsoplysninger<\/h3>\n<p>UAB East Scandinavia Company<br \/>\nOrg. nr.: 303387085<br \/>\nMoms nr.: LT100010964415<br \/>\nZalioji g 2-8, Linksmakalnio k<br \/>\n53291 Kauno r<br \/>\nLitauen<\/p>\n<p>For mere information om medicinsk udstyr, bes\u00f8g <a href=\"https:\/\/laegemiddelstyrelsen.dk\/da\/udstyr\/\">L\u00e6gemiddelstyrelsen<\/a> eller find yderligere ressourcer p\u00e5 <a href=\"https:\/\/dubqnp.dk\/\">Dubqnp<\/a>.<\/p>\n","protected":false},"excerpt":{"rendered":"<p>Velkommen til Selvsjek Selvsjek er en specialiseret netbutik, der tilbyder et n\u00f8je udvalgt sortiment af tests og diagnostisk udstyr. Vores produkter er n\u00f8je udvalgt fra anerkendte leverand\u00f8rer og producenter, der sikrer kvalitet og p\u00e5lidelighed. Du kan finde vores kvalitetssikrede produkter p\u00e5 apoteker over hele Europa. Vores fokus er ikke blot p\u00e5 kvalitet, men ogs\u00e5 p\u00e5 &#8230; <a title=\"Om os\" class=\"read-more\" href=\"https:\/\/selvsjekk.com\/da\/om-os\" aria-label=\"Read more about Om os\">L\u00e6s mere <\/a><\/p>\n","protected":false},"author":1,"featured_media":0,"parent":0,"menu_order":0,"comment_status":"closed","ping_status":"closed","template":"","meta":{"footnotes":""},"class_list":["post-15209","page","type-page","status-publish"],"_links":{"self":[{"href":"https:\/\/selvsjekk.com\/da\/wp-json\/wp\/v2\/pages\/15209","targetHints":{"allow":["GET"]}}],"collection":[{"href":"https:\/\/selvsjekk.com\/da\/wp-json\/wp\/v2\/pages"}],"about":[{"href":"https:\/\/selvsjekk.com\/da\/wp-json\/wp\/v2\/types\/page"}],"author":[{"embeddable":true,"href":"https:\/\/selvsjekk.com\/da\/wp-json\/wp\/v2\/users\/1"}],"replies":[{"embeddable":true,"href":"https:\/\/selvsjekk.com\/da\/wp-json\/wp\/v2\/comments?post=15209"}],"version-history":[{"count":1,"href":"https:\/\/selvsjekk.com\/da\/wp-json\/wp\/v2\/pages\/15209\/revisions"}],"predecessor-version":[{"id":17157,"href":"https:\/\/selvsjekk.com\/da\/wp-json\/wp\/v2\/pages\/15209\/revisions\/17157"}],"wp:attachment":[{"href":"https:\/\/selvsjekk.com\/da\/wp-json\/wp\/v2\/media?parent=15209"}],"curies":[{"name":"wp","href":"https:\/\/api.w.org\/{rel}","templated":true}]}}