{"id":13330,"date":"2025-07-09T03:28:22","date_gmt":"2025-07-09T01:28:22","guid":{"rendered":"https:\/\/selvsjekk.com\/my-account-2"},"modified":"2025-07-09T23:38:33","modified_gmt":"2025-07-09T21:38:33","slug":"my-account-2","status":"publish","type":"page","link":"https:\/\/selvsjekk.com\/da\/my-account-2","title":{"rendered":"Min konto"},"content":{"rendered":"<p>.storefront-handheld-footer-bar ul li.my-account &gt; a::before,.storefront-handheld-footer-bar ul li.cart&gt;a::before, .storefront-handheld-footer-bar ul li&gt;a::before,.storefront-handheld-footer-bar{display:none !important;}<\/p>\n<h2>Introduktion til Seksuel Sundhed<\/h2>\n<p>Seksuel sundhed er en vigtig del af vores liv. Det handler ikke kun om at undg\u00e5 seksuelt overf\u00f8rte infektioner (SOI), men ogs\u00e5 om at forst\u00e5 vores egen krop og vores relationer. For mere information om, hvordan du kan beskytte dig selv og forbedre din seksuelle sundhed, kan du l\u00e6se mere p\u00e5 <a href=\"https:\/\/www.sst.dk\/da\/Borger\/Seksuel-sundhed-seksualitet-og-koensidentitet\/Seksualitet\/Seksualitet\">Sundhedsstyrelsens hjemmeside<\/a>.<\/p>\n<h3>Seksuelt Overf\u00f8rte Infektioner<\/h3>\n<p>Der findes flere typer af seksuelt overf\u00f8rte infektioner, som kan have betydelige konsekvenser for b\u00e5de din fysiske og mentale sundhed. Her er nogle af de mest almindelige:<\/p>\n<ul>\n<li><a href=\"https:\/\/selvsjekk.com\/da\/produkts&oslash;geord\/klamydia-da\">Klamydia<\/a> &#8211; en af de mest udbredte SOI, der ofte ikke viser symptomer.<\/li>\n<li><a href=\"https:\/\/selvsjekk.com\/da\/produkts&oslash;geord\/gonore-da\">Gonor\u00e9<\/a> &#8211; en anden almindelig infektion, der kan f\u00f8re til alvorlige komplikationer, hvis den ikke behandles.<\/li>\n<\/ul>\n<h3>Forebyggelse og Behandling<\/h3>\n<p>For at undg\u00e5 seksuelt overf\u00f8rte infektioner er det vigtigt at tage forebyggende skridt. Herunder kan n\u00e6vnes:<\/p>\n<ol>\n<li>Brug af kondom under samleje.<\/li>\n<li>Regelm\u00e6ssig test for SOI, is\u00e6r hvis du har skiftende partnere.<\/li>\n<li>At v\u00e6re opm\u00e6rksom p\u00e5 symptomer og s\u00f8ge l\u00e6gehj\u00e6lp ved mistanke om infektion.<\/li>\n<\/ol>\n<p>For mere detaljerede anbefalinger om forebyggelse, diagnose og behandling af seksuelt overf\u00f8rte infektioner, kan du l\u00e6se den officielle rapport fra Sundhedsstyrelsen <a href=\"https:\/\/www.sst.dk\/-\/media\/Udgivelser\/2015\/Anbefalinger-om-forebyggelse-diagnose-og-behandling-af-seksuelt-overf%C3%B8rbare-infektioner.ashx?la=da&amp;hash=F9A750E13E3ED96401C870174E5416EBAEA6612D\">her<\/a>.<\/p>\n<p>At have en \u00e5ben dialog om seksuel sundhed med dine partnere og sundhedsprofessionelle er ogs\u00e5 essentielt for at sikre en sund seksuel livsstil.<\/p>\n","protected":false},"excerpt":{"rendered":"<p>.storefront-handheld-footer-bar ul li.my-account &gt; a::before,.storefront-handheld-footer-bar ul li.cart&gt;a::before, .storefront-handheld-footer-bar ul li&gt;a::before,.storefront-handheld-footer-bar{display:none !important;} Introduktion til Seksuel Sundhed Seksuel sundhed er en vigtig del af vores liv. Det handler ikke kun om at undg\u00e5 seksuelt overf\u00f8rte infektioner (SOI), men ogs\u00e5 om at forst\u00e5 vores egen krop og vores relationer. For mere information om, hvordan du kan beskytte dig &#8230; <a title=\"Min konto\" class=\"read-more\" href=\"https:\/\/selvsjekk.com\/da\/my-account-2\" aria-label=\"Read more about Min konto\">L\u00e6s mere <\/a><\/p>\n","protected":false},"author":1,"featured_media":0,"parent":0,"menu_order":0,"comment_status":"closed","ping_status":"closed","template":"","meta":{"footnotes":""},"class_list":["post-13330","page","type-page","status-publish"],"_links":{"self":[{"href":"https:\/\/selvsjekk.com\/da\/wp-json\/wp\/v2\/pages\/13330","targetHints":{"allow":["GET"]}}],"collection":[{"href":"https:\/\/selvsjekk.com\/da\/wp-json\/wp\/v2\/pages"}],"about":[{"href":"https:\/\/selvsjekk.com\/da\/wp-json\/wp\/v2\/types\/page"}],"author":[{"embeddable":true,"href":"https:\/\/selvsjekk.com\/da\/wp-json\/wp\/v2\/users\/1"}],"replies":[{"embeddable":true,"href":"https:\/\/selvsjekk.com\/da\/wp-json\/wp\/v2\/comments?post=13330"}],"version-history":[{"count":2,"href":"https:\/\/selvsjekk.com\/da\/wp-json\/wp\/v2\/pages\/13330\/revisions"}],"predecessor-version":[{"id":17196,"href":"https:\/\/selvsjekk.com\/da\/wp-json\/wp\/v2\/pages\/13330\/revisions\/17196"}],"wp:attachment":[{"href":"https:\/\/selvsjekk.com\/da\/wp-json\/wp\/v2\/media?parent=13330"}],"curies":[{"name":"wp","href":"https:\/\/api.w.org\/{rel}","templated":true}]}}